{"id":202,"date":"2023-06-02T03:49:42","date_gmt":"2023-06-02T03:49:42","guid":{"rendered":"https:\/\/sofimad.com\/?page_id=202"},"modified":"2023-10-11T01:36:48","modified_gmt":"2023-10-11T01:36:48","slug":"servicios","status":"publish","type":"page","link":"https:\/\/sofimad.com\/index.php\/servicios\/","title":{"rendered":"Servicios"},"content":{"rendered":"<p>[et_pb_section fb_built=&#8221;1&#8243; custom_padding_last_edited=&#8221;on|desktop&#8221; next_background_color=&#8221;#FFFFFF&#8221; admin_label=&#8221;Header&#8221; _builder_version=&#8221;4.21.0&#8243; use_background_color_gradient=&#8221;on&#8221; background_color_gradient_direction=&#8221;130deg&#8221; background_color_gradient_stops=&#8221;#000000 0%|#212121 99%&#8221; background_color_gradient_start=&#8221;#7876FE&#8221; background_color_gradient_end=&#8221;#99D1FF&#8221; background_enable_image=&#8221;off&#8221; parallax=&#8221;on&#8221; custom_padding=&#8221;7vw||12vw||false|false&#8221; custom_padding_tablet=&#8221;100px||100px||true&#8221; custom_padding_phone=&#8221;||||true&#8221; bottom_divider_style=&#8221;ramp2&#8243; bottom_divider_height=&#8221;250px&#8221; bottom_divider_flip=&#8221;horizontal&#8221; bottom_divider_height_tablet=&#8221;150px&#8221; bottom_divider_height_phone=&#8221;110px&#8221; bottom_divider_height_last_edited=&#8221;on|phone&#8221; saved_tabs=&#8221;all&#8221; global_colors_info=&#8221;{}&#8221;][et_pb_row _builder_version=&#8221;4.16&#8243; custom_margin=&#8221;-35px|auto||auto||&#8221; global_colors_info=&#8221;{}&#8221;][et_pb_column type=&#8221;4_4&#8243; _builder_version=&#8221;4.16&#8243; custom_padding=&#8221;|||&#8221; global_colors_info=&#8221;{}&#8221; custom_padding__hover=&#8221;|||&#8221;][et_pb_text _builder_version=&#8221;4.21.0&#8243; text_font=&#8221;Roboto||||||||&#8221; text_font_size=&#8221;16px&#8221; text_line_height=&#8221;1.8em&#8221; header_font=&#8221;Roboto|700|||||||&#8221; header_text_align=&#8221;center&#8221; header_font_size=&#8221;80px&#8221; header_letter_spacing=&#8221;11px&#8221; header_line_height=&#8221;1.2em&#8221; header_3_font=&#8221;Roboto|700||on|||||&#8221; header_3_text_align=&#8221;center&#8221; header_3_text_color=&#8221;#ffffff&#8221; header_3_font_size=&#8221;24px&#8221; header_3_letter_spacing=&#8221;10px&#8221; header_3_line_height=&#8221;2em&#8221; text_orientation=&#8221;center&#8221; background_layout=&#8221;dark&#8221; module_alignment=&#8221;center&#8221; custom_padding=&#8221;|7px||||&#8221; text_font_size_last_edited=&#8221;off|desktop&#8221; header_font_size_tablet=&#8221;40px&#8221; header_font_size_phone=&#8221;32px&#8221; header_font_size_last_edited=&#8221;on|phone&#8221; header_3_font_size_tablet=&#8221;16px&#8221; header_3_font_size_phone=&#8221;14px&#8221; header_3_font_size_last_edited=&#8221;on|phone&#8221; header_3_letter_spacing_tablet=&#8221;5px&#8221; header_3_letter_spacing_phone=&#8221;&#8221; header_3_letter_spacing_last_edited=&#8221;on|tablet&#8221; border_width_all=&#8221;4px&#8221; border_color_all=&#8221;#930fff&#8221; box_shadow_style=&#8221;preset1&#8243; box_shadow_color=&#8221;#8300E9&#8243; global_colors_info=&#8221;{}&#8221;]<\/p>\n<h3>Portfolio DE<\/h3>\n<h1>Servicios<\/h1>\n<p>[\/et_pb_text][\/et_pb_column][\/et_pb_row][\/et_pb_section][et_pb_section fb_built=&#8221;1&#8243; admin_label=&#8221;Projects&#8221; _builder_version=&#8221;4.21.0&#8243; background_color=&#8221;#FFFFFF&#8221; custom_margin=&#8221;-4px|||||&#8221; custom_padding=&#8221;0px||0px||true|false&#8221; global_colors_info=&#8221;{}&#8221;][et_pb_row column_structure=&#8221;1_2,1_2&#8243; _builder_version=&#8221;4.21.0&#8243; transform_scale_linked=&#8221;off&#8221; transform_translate=&#8221;-225px|0px&#8221; transform_translate_linked=&#8221;off&#8221; position_origin_r=&#8221;bottom_right&#8221; horizontal_offset=&#8221;147px&#8221; custom_margin=&#8221;-2px|588px||767px||&#8221; custom_margin_tablet=&#8221;|||&#8221; custom_margin_phone=&#8221;|||&#8221; custom_margin_last_edited=&#8221;off|desktop&#8221; custom_padding=&#8221;|0px||11px||&#8221; global_colors_info=&#8221;{}&#8221;][et_pb_column type=&#8221;1_2&#8243; _builder_version=&#8221;4.16&#8243; custom_padding=&#8221;|||&#8221; global_colors_info=&#8221;{}&#8221; custom_padding__hover=&#8221;|||&#8221;][et_pb_blurb title=&#8221;Campa\u00f1as Publicitarias&#8221; image=&#8221;http:\/\/sofimad.com\/wp-content\/uploads\/2023\/06\/Campana-publicitaria.png&#8221; _builder_version=&#8221;4.21.0&#8243; header_font=&#8221;Roboto|700|||||||&#8221; header_font_size=&#8221;18px&#8221; header_line_height=&#8221;1.7em&#8221; body_font=&#8221;||||||||&#8221; body_font_size=&#8221;16px&#8221; body_line_height=&#8221;2em&#8221; animation_style=&#8221;zoom&#8221; animation_intensity_zoom=&#8221;10%&#8221; animation=&#8221;off&#8221; border_radii=&#8221;on|10px|10px|10px|10px&#8221; border_radii_image=&#8221;on|10px|10px|10px|10px&#8221; box_shadow_style_image=&#8221;preset1&#8243; box_shadow_blur_image=&#8221;70px&#8221; box_shadow_color_image=&#8221;rgba(110,130,208,0.18)&#8221; global_colors_info=&#8221;{}&#8221;]<\/p>\n<ul>\n<li>TR\u00c1FICO<\/li>\n<li>RECONOCIMIENYO<\/li>\n<li>INTERACCI\u00d3N<\/li>\n<li>CLIENTES POTENCIALES<\/li>\n<li>PROMOCI\u00d3N<\/li>\n<li>VENTAS<\/li>\n<\/ul>\n<p>&nbsp;<\/p>\n<p>[\/et_pb_blurb][\/et_pb_column][et_pb_column type=&#8221;1_2&#8243; _builder_version=&#8221;4.16&#8243; custom_padding=&#8221;|||&#8221; global_colors_info=&#8221;{}&#8221; custom_padding__hover=&#8221;|||&#8221;][et_pb_blurb title=&#8221;Desarrollo de sitios web&#8221; image=&#8221;http:\/\/sofimad.com\/wp-content\/uploads\/2023\/06\/desarrollo-de-sitio-webfinal.png&#8221; _builder_version=&#8221;4.21.0&#8243; header_font=&#8221;Roboto|700|||||||&#8221; header_font_size=&#8221;18px&#8221; header_line_height=&#8221;1.7em&#8221; body_font=&#8221;||||||||&#8221; body_font_size=&#8221;16px&#8221; body_line_height=&#8221;2em&#8221; custom_margin=&#8221;|||1px||&#8221; animation_style=&#8221;zoom&#8221; animation_intensity_zoom=&#8221;10%&#8221; animation=&#8221;off&#8221; border_radii=&#8221;on|10px|10px|10px|10px&#8221; border_radii_image=&#8221;on|10px|10px|10px|10px&#8221; box_shadow_style_image=&#8221;preset1&#8243; box_shadow_blur_image=&#8221;70px&#8221; box_shadow_color_image=&#8221;rgba(110,130,208,0.18)&#8221; global_colors_info=&#8221;{}&#8221;]<\/p>\n<h5>INCLUYE:<\/h5>\n<ul>\n<li>DISE\u00d1O WEBSITE DIN\u00c1MICO<\/li>\n<li>HOSTING<\/li>\n<li>DOMINIO A TU NOMBRE<\/li>\n<li>5 CORREOS CORPORATIVOS<\/li>\n<li>SEGURIDAD SSL<\/li>\n<li>TIENDA ONLINE<\/li>\n<li>SERVIDOR VPS<\/li>\n<\/ul>\n<p>&nbsp;<\/p>\n<p>[\/et_pb_blurb][\/et_pb_column][\/et_pb_row][et_pb_row column_structure=&#8221;1_2,1_2&#8243; _builder_version=&#8221;4.21.0&#8243; custom_margin=&#8221;|||&#8221; custom_margin_tablet=&#8221;|||&#8221; custom_margin_phone=&#8221;|||&#8221; custom_margin_last_edited=&#8221;off|desktop&#8221; global_colors_info=&#8221;{}&#8221;][et_pb_column type=&#8221;1_2&#8243; _builder_version=&#8221;4.21.0&#8243; _module_preset=&#8221;default&#8221; global_colors_info=&#8221;{}&#8221;][et_pb_blurb title=&#8221;Dise\u00f1o de papeler\u00eda corporativa&#8221; image=&#8221;http:\/\/sofimad.com\/wp-content\/uploads\/2023\/06\/Papeleria-corporativa.png&#8221; _builder_version=&#8221;4.21.0&#8243; header_font=&#8221;Roboto|700|||||||&#8221; header_font_size=&#8221;18px&#8221; header_line_height=&#8221;1.7em&#8221; body_font=&#8221;||||||||&#8221; body_font_size=&#8221;16px&#8221; body_line_height=&#8221;2em&#8221; animation_style=&#8221;zoom&#8221; animation_intensity_zoom=&#8221;10%&#8221; animation=&#8221;off&#8221; border_radii=&#8221;on|10px|10px|10px|10px&#8221; border_radii_image=&#8221;on|10px|10px|10px|10px&#8221; box_shadow_style_image=&#8221;preset1&#8243; box_shadow_blur_image=&#8221;70px&#8221; box_shadow_color_image=&#8221;rgba(110,130,208,0.18)&#8221; global_colors_info=&#8221;{}&#8221;]<\/p>\n<h5>Papeleria corporativa<\/h5>\n<ul>\n<li>TAREJTAS DE PRESENTACI\u00d3N<\/li>\n<li>DISE\u00d1O DE COTIZACIONES Y FACTURAS<\/li>\n<li>RECIBOS<\/li>\n<li>POSTERS CORPORATIVOS<\/li>\n<li>CARPETAS<\/li>\n<li>CARTAS DE PRESENTACI\u00d3N<\/li>\n<\/ul>\n<p>&nbsp;<\/p>\n<p>&nbsp;<\/p>\n<p>[\/et_pb_blurb][\/et_pb_column][et_pb_column type=&#8221;1_2&#8243; _builder_version=&#8221;4.16&#8243; custom_padding=&#8221;|||&#8221; global_colors_info=&#8221;{}&#8221; custom_padding__hover=&#8221;|||&#8221;][et_pb_blurb title=&#8221;Chatbots Para Redes Sociales&#8221; image=&#8221;http:\/\/sofimad.com\/wp-content\/uploads\/2023\/06\/Chatbot.png&#8221; _builder_version=&#8221;4.21.0&#8243; header_font=&#8221;Roboto|700|||||||&#8221; header_font_size=&#8221;18px&#8221; header_line_height=&#8221;1.7em&#8221; body_font=&#8221;||||||||&#8221; body_font_size=&#8221;16px&#8221; body_line_height=&#8221;2em&#8221; animation_style=&#8221;zoom&#8221; animation_intensity_zoom=&#8221;10%&#8221; animation=&#8221;off&#8221; border_radii=&#8221;on|10px|10px|10px|10px&#8221; border_radii_image=&#8221;on|10px|10px|10px|10px&#8221; box_shadow_style_image=&#8221;preset1&#8243; box_shadow_blur_image=&#8221;70px&#8221; box_shadow_color_image=&#8221;rgba(110,130,208,0.18)&#8221; global_colors_info=&#8221;{}&#8221;]<\/p>\n<ul>\n<li>AHORRA TIEMPO Y DINERO<\/li>\n<\/ul>\n<p>ENV\u00cdAN AUTOMATICAMENTE MENSAJES A NUEVOS CONTACTOS, RESPONDEN COMENTARIOS Y ENVIAN MENSAJES ESPECIALIZADOS DAN SEGUIMIENTO A CLIENTES POTENCIALES.<\/p>\n<p>&nbsp;<\/p>\n<p>[\/et_pb_blurb][\/et_pb_column][\/et_pb_row][et_pb_row column_structure=&#8221;1_2,1_2&#8243; _builder_version=&#8221;4.16&#8243; custom_margin=&#8221;|||&#8221; custom_margin_tablet=&#8221;|||&#8221; custom_margin_phone=&#8221;|||&#8221; custom_margin_last_edited=&#8221;off|desktop&#8221; global_colors_info=&#8221;{}&#8221;][et_pb_column type=&#8221;1_2&#8243; _builder_version=&#8221;4.16&#8243; custom_padding=&#8221;|||&#8221; global_colors_info=&#8221;{}&#8221; custom_padding__hover=&#8221;|||&#8221;][et_pb_blurb title=&#8221;Dise\u00f1o de identidad corportiva&#8221; image=&#8221;http:\/\/sofimad.com\/wp-content\/uploads\/2023\/06\/Manual-identidad-corporativa.png&#8221; _builder_version=&#8221;4.21.0&#8243; header_font=&#8221;Roboto|700|||||||&#8221; header_font_size=&#8221;18px&#8221; header_line_height=&#8221;1.7em&#8221; body_font=&#8221;||||||||&#8221; body_font_size=&#8221;16px&#8221; body_line_height=&#8221;2em&#8221; animation_style=&#8221;zoom&#8221; animation_intensity_zoom=&#8221;10%&#8221; animation=&#8221;off&#8221; border_radii=&#8221;on|10px|10px|10px|10px&#8221; border_radii_image=&#8221;on|10px|10px|10px|10px&#8221; box_shadow_style_image=&#8221;preset1&#8243; box_shadow_blur_image=&#8221;70px&#8221; box_shadow_color_image=&#8221;rgba(110,130,208,0.18)&#8221; global_colors_info=&#8221;{}&#8221;]<\/p>\n<h5>DISE\u00d1O DE LOGOTIPO<\/h5>\n<p>INCLUYE MANUAL E INVESTIGACI\u00d3N A FONDO DE CREACI\u00d3N DE LOGOTIPO PROFESIONAL Y SIN COPYRIGHT.<\/p>\n<p>&nbsp;<\/p>\n<p>[\/et_pb_blurb][et_pb_blurb title=&#8221;Incremento de ventas&#8221; image=&#8221;http:\/\/sofimad.com\/wp-content\/uploads\/2023\/06\/Incremento-de-ventas.png&#8221; _builder_version=&#8221;4.21.0&#8243; header_font=&#8221;Roboto|700|||||||&#8221; header_font_size=&#8221;18px&#8221; header_line_height=&#8221;1.7em&#8221; body_font=&#8221;||||||||&#8221; body_font_size=&#8221;16px&#8221; body_line_height=&#8221;2em&#8221; custom_margin=&#8221;5px|-600px||2px||&#8221; custom_padding=&#8221;33px|||||&#8221; border_radii=&#8221;on|10px|10px|10px|10px&#8221; border_radii_image=&#8221;on|10px|10px|10px|10px&#8221; box_shadow_style_image=&#8221;preset1&#8243; box_shadow_blur_image=&#8221;70px&#8221; box_shadow_color_image=&#8221;rgba(110,130,208,0.18)&#8221; global_colors_info=&#8221;{}&#8221;]<\/p>\n<ul>\n<li>ESTUDIO DE COMPETENCIA LOCAL, ESTATAL Y NACIONAL<\/li>\n<li>ESTRATEGIA DE VENTAS<\/li>\n<li>SEGUIMIENTO DE CLIENTES POTENCIALES<\/li>\n<li>ESTRATEGIA PARA CIERRE DE VENTAS<\/li>\n<li>CAPACITACI\u00d3N<\/li>\n<\/ul>\n<p>[\/et_pb_blurb][\/et_pb_column][et_pb_column type=&#8221;1_2&#8243; _builder_version=&#8221;4.16&#8243; custom_padding=&#8221;|||&#8221; global_colors_info=&#8221;{}&#8221; custom_padding__hover=&#8221;|||&#8221;][et_pb_blurb title=&#8221;An\u00e1lisis de audiencia&#8221; image=&#8221;http:\/\/sofimad.com\/wp-content\/uploads\/2023\/06\/Analisis-de-audiencia.png&#8221; _builder_version=&#8221;4.21.0&#8243; header_font=&#8221;Roboto|700|||||||&#8221; header_font_size=&#8221;18px&#8221; header_line_height=&#8221;1.7em&#8221; body_font=&#8221;||||||||&#8221; body_font_size=&#8221;16px&#8221; body_line_height=&#8221;2em&#8221; animation_style=&#8221;zoom&#8221; animation_intensity_zoom=&#8221;10%&#8221; animation=&#8221;off&#8221; border_radii=&#8221;on|10px|10px|10px|10px&#8221; border_radii_image=&#8221;on|10px|10px|10px|10px&#8221; box_shadow_style_image=&#8221;preset1&#8243; box_shadow_blur_image=&#8221;70px&#8221; box_shadow_color_image=&#8221;rgba(110,130,208,0.18)&#8221; global_colors_info=&#8221;{}&#8221;]<\/p>\n<h5>ESTUDIAMOS EL COMPORTAMIENTO DE TUS CLIENTES EN<\/h5>\n<h5>MENSAJES Y CAMPA\u00d1AS PUBLICITARIAS PARA DETERMINAR LA<\/h5>\n<h5>MEJOR SEGMENTACI\u00d3N Y ENTENDER LOS ALGORITMOS DE LOS<\/h5>\n<h5>ADS.<\/h5>\n<p>[\/et_pb_blurb][\/et_pb_column][\/et_pb_row][\/et_pb_section][et_pb_section fb_built=&#8221;1&#8243; fullwidth=&#8221;on&#8221; _builder_version=&#8221;4.21.0&#8243; _module_preset=&#8221;default&#8221; background_video_mp4=&#8221;http:\/\/sofimad.com\/wp-content\/uploads\/2023\/09\/marketing_RU0QW7fG-online-video-cutter.com_.mp4&#8243; custom_padding=&#8221;||506px|||&#8221; global_colors_info=&#8221;{}&#8221;][\/et_pb_section][et_pb_section fb_built=&#8221;1&#8243; custom_padding_last_edited=&#8221;on|desktop&#8221; prev_background_color=&#8221;#ffffff&#8221; admin_label=&#8221;Footer&#8221; _builder_version=&#8221;4.21.0&#8243; background_color=&#8221;RGBA(255,255,255,0)&#8221; use_background_color_gradient=&#8221;on&#8221; background_color_gradient_direction=&#8221;153deg&#8221; background_color_gradient_stops=&#8221;#000000 0%|rgba(19, 19, 19, 1) 55%|#282828 100%&#8221; background_color_gradient_start=&#8221;#7876FE&#8221; background_color_gradient_end=&#8221;#99D1FF&#8221; background_enable_image=&#8221;off&#8221; parallax=&#8221;on&#8221; custom_padding=&#8221;9vw||7vw||false|false&#8221; custom_padding_tablet=&#8221;100px||100px||true&#8221; custom_padding_phone=&#8221;||||true&#8221; top_divider_style=&#8221;ramp2&#8243; top_divider_height=&#8221;250px&#8221; top_divider_flip=&#8221;vertical&#8221; top_divider_height_tablet=&#8221;150px&#8221; top_divider_height_phone=&#8221;110px&#8221; top_divider_height_last_edited=&#8221;on|phone&#8221; saved_tabs=&#8221;all&#8221; global_colors_info=&#8221;{}&#8221;][et_pb_row module_class=&#8221; et_pb_row_fullwidth&#8221; _builder_version=&#8221;4.16&#8243; width=&#8221;89%&#8221; width_tablet=&#8221;80%&#8221; width_phone=&#8221;80%&#8221; width_last_edited=&#8221;on|desktop&#8221; max_width=&#8221;89%&#8221; max_width_tablet=&#8221;80%&#8221; max_width_phone=&#8221;80%&#8221; max_width_last_edited=&#8221;on|desktop&#8221; custom_margin_phone=&#8221;|||&#8221; custom_margin_last_edited=&#8221;off|desktop&#8221; custom_padding=&#8221;|||&#8221; make_fullwidth=&#8221;on&#8221; locked=&#8221;off&#8221; global_colors_info=&#8221;{}&#8221;][et_pb_column type=&#8221;4_4&#8243; _builder_version=&#8221;4.16&#8243; custom_padding=&#8221;|||&#8221; global_colors_info=&#8221;{}&#8221; custom_padding__hover=&#8221;|||&#8221;][et_pb_text _builder_version=&#8221;4.16&#8243; text_font=&#8221;||||||||&#8221; header_font=&#8221;||||||||&#8221; header_2_font=&#8221;Roboto|700|||||||&#8221; header_2_font_size=&#8221;50px&#8221; header_2_line_height=&#8221;1.4em&#8221; header_3_font=&#8221;Roboto|700||on|||||&#8221; header_3_text_align=&#8221;center&#8221; header_3_text_color=&#8221;#ffffff&#8221; header_3_font_size=&#8221;24px&#8221; header_3_letter_spacing=&#8221;5px&#8221; header_3_line_height=&#8221;2em&#8221; text_orientation=&#8221;center&#8221; background_layout=&#8221;dark&#8221; max_width=&#8221;850px&#8221; module_alignment=&#8221;center&#8221; custom_margin=&#8221;|||-13px||&#8221; custom_padding=&#8221;|||&#8221; text_font_size_last_edited=&#8221;off|desktop&#8221; header_2_font_size_tablet=&#8221;40px&#8221; header_2_font_size_phone=&#8221;32px&#8221; header_2_font_size_last_edited=&#8221;on|desktop&#8221; header_3_font_size_tablet=&#8221;16px&#8221; header_3_font_size_phone=&#8221;14px&#8221; header_3_font_size_last_edited=&#8221;on|phone&#8221; global_colors_info=&#8221;{}&#8221;]<\/p>\n<h3>Solamente<\/h3>\n<h2>El verdadero cambio lo decides T\u00fa<\/h2>\n<p>[\/et_pb_text][et_pb_button button_text=&#8221;COMENZAR&#8221; button_alignment=&#8221;center&#8221; _builder_version=&#8221;4.21.0&#8243; custom_button=&#8221;on&#8221; button_text_size=&#8221;14px&#8221; button_text_color=&#8221;#FFFFFF&#8221; button_border_width=&#8221;4px&#8221; button_border_color=&#8221;#a30fff&#8221; button_border_radius=&#8221;4px&#8221; button_letter_spacing=&#8221;5px&#8221; button_font=&#8221;Roboto|700||on|||||&#8221; background_layout=&#8221;dark&#8221; custom_margin=&#8221;|||&#8221; custom_padding=&#8221;18px|34px|18px|34px|true|true&#8221; box_shadow_style=&#8221;preset3&#8243; box_shadow_horizontal=&#8221;-7px&#8221; box_shadow_vertical=&#8221;11px&#8221; box_shadow_blur=&#8221;31px&#8221; box_shadow_spread=&#8221;-8px&#8221; box_shadow_color=&#8221;#8300E9&#8243; button_letter_spacing_hover=&#8221;5.5px&#8221; global_colors_info=&#8221;{}&#8221; button_text_size__hover_enabled=&#8221;off&#8221; button_one_text_size__hover_enabled=&#8221;off&#8221; button_two_text_size__hover_enabled=&#8221;off&#8221; button_text_color__hover_enabled=&#8221;off&#8221; button_one_text_color__hover_enabled=&#8221;off&#8221; button_two_text_color__hover_enabled=&#8221;off&#8221; button_border_width__hover_enabled=&#8221;off&#8221; button_one_border_width__hover_enabled=&#8221;off&#8221; button_two_border_width__hover_enabled=&#8221;off&#8221; button_border_color__hover_enabled=&#8221;off&#8221; button_one_border_color__hover_enabled=&#8221;off&#8221; button_two_border_color__hover_enabled=&#8221;off&#8221; button_border_radius__hover_enabled=&#8221;off&#8221; button_one_border_radius__hover_enabled=&#8221;off&#8221; button_two_border_radius__hover_enabled=&#8221;off&#8221; button_letter_spacing__hover_enabled=&#8221;on&#8221; button_letter_spacing__hover=&#8221;5.5px&#8221; button_one_letter_spacing__hover_enabled=&#8221;off&#8221; button_two_letter_spacing__hover_enabled=&#8221;off&#8221; button_bg_color__hover_enabled=&#8221;off&#8221; button_one_bg_color__hover_enabled=&#8221;off&#8221; button_two_bg_color__hover_enabled=&#8221;off&#8221;][\/et_pb_button][\/et_pb_column][\/et_pb_row][\/et_pb_section]<\/p>\n","protected":false},"excerpt":{"rendered":"<p>Portfolio DE Servicios TR\u00c1FICO RECONOCIMIENYO INTERACCI\u00d3N CLIENTES POTENCIALES PROMOCI\u00d3N VENTAS &nbsp;INCLUYE: DISE\u00d1O WEBSITE DIN\u00c1MICO HOSTING DOMINIO A TU NOMBRE 5 CORREOS CORPORATIVOS SEGURIDAD SSL TIENDA ONLINE SERVIDOR VPS &nbsp;Papeleria corporativa TAREJTAS DE PRESENTACI\u00d3N DISE\u00d1O DE COTIZACIONES Y FACTURAS RECIBOS POSTERS CORPORATIVOS CARPETAS CARTAS DE PRESENTACI\u00d3N &nbsp; &nbsp; AHORRA TIEMPO Y DINERO ENV\u00cdAN AUTOMATICAMENTE MENSAJES A [&hellip;]<\/p>\n","protected":false},"author":1,"featured_media":0,"parent":0,"menu_order":0,"comment_status":"closed","ping_status":"closed","template":"","meta":{"_et_pb_use_builder":"on","_et_pb_old_content":"","_et_gb_content_width":"","_monsterinsights_skip_tracking":false,"_monsterinsights_sitenote_active":false,"_monsterinsights_sitenote_note":"","_monsterinsights_sitenote_category":0,"footnotes":""},"jetpack_sharing_enabled":true,"_links":{"self":[{"href":"https:\/\/sofimad.com\/index.php\/wp-json\/wp\/v2\/pages\/202"}],"collection":[{"href":"https:\/\/sofimad.com\/index.php\/wp-json\/wp\/v2\/pages"}],"about":[{"href":"https:\/\/sofimad.com\/index.php\/wp-json\/wp\/v2\/types\/page"}],"author":[{"embeddable":true,"href":"https:\/\/sofimad.com\/index.php\/wp-json\/wp\/v2\/users\/1"}],"replies":[{"embeddable":true,"href":"https:\/\/sofimad.com\/index.php\/wp-json\/wp\/v2\/comments?post=202"}],"version-history":[{"count":15,"href":"https:\/\/sofimad.com\/index.php\/wp-json\/wp\/v2\/pages\/202\/revisions"}],"predecessor-version":[{"id":992,"href":"https:\/\/sofimad.com\/index.php\/wp-json\/wp\/v2\/pages\/202\/revisions\/992"}],"wp:attachment":[{"href":"https:\/\/sofimad.com\/index.php\/wp-json\/wp\/v2\/media?parent=202"}],"curies":[{"name":"wp","href":"https:\/\/api.w.org\/{rel}","templated":true}]}}