{"id":410,"date":"2023-06-11T06:57:00","date_gmt":"2023-06-11T06:57:00","guid":{"rendered":"https:\/\/sofimad.com\/?post_type=product&#038;p=410"},"modified":"2023-10-04T09:48:54","modified_gmt":"2023-10-04T09:48:54","slug":"plan-empresa","status":"publish","type":"product","link":"https:\/\/sofimad.com\/index.php\/producto\/plan-empresa\/","title":{"rendered":"Startups"},"content":{"rendered":"<p>[et_pb_section fb_built=&#8221;1&#8243; _builder_version=&#8221;4.16&#8243; custom_padding=&#8221;0px||||false|false&#8221; global_colors_info=&#8221;{}&#8221;][et_pb_row _builder_version=&#8221;4.16&#8243; background_size=&#8221;initial&#8221; background_position=&#8221;top_left&#8221; background_repeat=&#8221;repeat&#8221; width=&#8221;100%&#8221; custom_margin=&#8221;|auto|-1px|auto||&#8221; custom_padding=&#8221;0px||0px||false|false&#8221; global_colors_info=&#8221;{}&#8221;][et_pb_column type=&#8221;4_4&#8243; _builder_version=&#8221;4.16&#8243; custom_padding=&#8221;|||&#8221; global_colors_info=&#8221;{}&#8221; custom_padding__hover=&#8221;|||&#8221;][et_pb_wc_breadcrumb _builder_version=&#8221;4.16&#8243; global_colors_info=&#8221;{}&#8221;][\/et_pb_wc_breadcrumb][et_pb_wc_cart_notice _builder_version=&#8221;4.21.0&#8243; title_font=&#8221;|600|||||||&#8221; title_font_size=&#8221;26px&#8221; title_line_height=&#8221;1em&#8221; custom_button=&#8221;on&#8221; button_text_size=&#8221;25px&#8221; button_text_color=&#8221;#FFFFFF&#8221; button_bg_color=&#8221;#b000fc&#8221; button_border_width=&#8221;0px&#8221; button_font=&#8221;|600|||||||&#8221; custom_padding=&#8221;11px|15px|12px|15px|false|false&#8221; global_colors_info=&#8221;{}&#8221;][\/et_pb_wc_cart_notice][\/et_pb_column][\/et_pb_row][et_pb_row column_structure=&#8221;1_2,1_2&#8243; _builder_version=&#8221;4.21.0&#8243; background_size=&#8221;initial&#8221; background_position=&#8221;top_left&#8221; background_repeat=&#8221;repeat&#8221; width=&#8221;100%&#8221; custom_padding=&#8221;0px||||false|false&#8221; global_colors_info=&#8221;{}&#8221;][et_pb_column type=&#8221;1_2&#8243; _builder_version=&#8221;4.16&#8243; custom_padding=&#8221;|||&#8221; global_colors_info=&#8221;{}&#8221; custom_padding__hover=&#8221;|||&#8221;][et_pb_wc_images sale_badge_color=&#8221;#f29900&#8243; _builder_version=&#8221;4.21.0&#8243; sale_badge_font=&#8221;|600|||||||&#8221; sale_badge_font_size=&#8221;22px&#8221; sale_badge_text_shadow_style=&#8221;preset1&#8243; sale_badge_text_shadow_vertical_length=&#8221;-0.01em&#8221; sale_badge_text_shadow_blur_strength=&#8221;0.12em&#8221; global_colors_info=&#8221;{}&#8221;][\/et_pb_wc_images][\/et_pb_column][et_pb_column type=&#8221;1_2&#8243; _builder_version=&#8221;4.16&#8243; custom_padding=&#8221;|||&#8221; global_colors_info=&#8221;{}&#8221; custom_padding__hover=&#8221;|||&#8221;][et_pb_wc_title _builder_version=&#8221;4.21.0&#8243; header_font=&#8221;Gothic A1|600|||||||&#8221; header_font_size=&#8221;37px&#8221; header_letter_spacing=&#8221;1px&#8221; animation_style=&#8221;fade&#8221; scroll_horizontal_motion=&#8221;33|98|98|100|4|0|-4&#8243; global_colors_info=&#8221;{}&#8221;][\/et_pb_wc_title][et_pb_wc_rating _builder_version=&#8221;4.21.0&#8243; rating_font_size=&#8221;22px&#8221; rating_letter_spacing=&#8221;3px&#8221; animation_style=&#8221;fade&#8221; global_colors_info=&#8221;{}&#8221;][\/et_pb_wc_rating][et_pb_wc_price _builder_version=&#8221;4.21.0&#8243; body_font_size=&#8221;31px&#8221; custom_padding=&#8221;|32px||||&#8221; animation_style=&#8221;fade&#8221; global_colors_info=&#8221;{}&#8221;][\/et_pb_wc_price][et_pb_wc_description _builder_version=&#8221;4.16&#8243; global_colors_info=&#8221;{}&#8221;][\/et_pb_wc_description][et_pb_wc_add_to_cart _builder_version=&#8221;4.21.0&#8243; fields_background_color=&#8221;RGBA(255,255,255,0)&#8221; fields_text_color=&#8221;RGBA(255,255,255,0)&#8221; fields_focus_background_color=&#8221;RGBA(255,255,255,0)&#8221; fields_focus_text_color=&#8221;RGBA(255,255,255,0)&#8221; fields_font=&#8221;|600|||||||&#8221; fields_text_align=&#8221;center&#8221; fields_font_size=&#8221;0px&#8221; animation_style=&#8221;fade&#8221; global_colors_info=&#8221;{}&#8221;][\/et_pb_wc_add_to_cart][et_pb_wc_meta _builder_version=&#8221;4.16&#8243; global_colors_info=&#8221;{}&#8221;][\/et_pb_wc_meta][et_pb_text _builder_version=&#8221;4.21.0&#8243; _module_preset=&#8221;default&#8221; global_colors_info=&#8221;{}&#8221;]<\/p>\n<ul>\n<li><span class=\"selectable-text copyable-text\">Ideal para peque\u00f1as y medianas empresas que requieran incrementar ventas y consolidaci\u00f3n de marca en un amplio ramo de medios digitales e internet incluye: chatbot avanzado, comunity manager, social media, dise\u00f1ador digital para redes sociales, segmentaci\u00f3n para clientes potenciales, campa\u00f1as publicitarias a gran escala, dise\u00f1o de redes sociales, identidad corporativa.<\/span><\/li>\n<\/ul>\n<p>[\/et_pb_text][et_pb_countdown_timer title=&#8221;La oferta termina en&#8221; date_time=&#8221;2023-06-12 04:45&#8243; _builder_version=&#8221;4.21.0&#8243; _module_preset=&#8221;default&#8221; border_radii=&#8221;on|18px|18px|18px|18px&#8221; global_colors_info=&#8221;{}&#8221;][\/et_pb_countdown_timer][\/et_pb_column][\/et_pb_row][et_pb_row _builder_version=&#8221;4.16&#8243; background_size=&#8221;initial&#8221; background_position=&#8221;top_left&#8221; background_repeat=&#8221;repeat&#8221; width=&#8221;100%&#8221; global_colors_info=&#8221;{}&#8221;][et_pb_column type=&#8221;4_4&#8243; _builder_version=&#8221;4.16&#8243; custom_padding=&#8221;|||&#8221; global_colors_info=&#8221;{}&#8221; custom_padding__hover=&#8221;|||&#8221;][et_pb_wc_upsells _builder_version=&#8221;4.16&#8243; global_colors_info=&#8221;{}&#8221;][\/et_pb_wc_upsells][et_pb_wc_related_products _builder_version=&#8221;4.16&#8243; global_colors_info=&#8221;{}&#8221;][\/et_pb_wc_related_products][\/et_pb_column][\/et_pb_row][\/et_pb_section]<\/p>\n","protected":false},"excerpt":{"rendered":"<p>Ideal para peque\u00f1as y medianas empresas que requieran incrementar ventas y consolidaci\u00f3n de marca en un amplio ramo de medios digitales e internet incluye: chatbot avanzado, comunity manager, social media, dise\u00f1ador digital para redes sociales, segmentaci\u00f3n para clientes potenciales, campa\u00f1as publicitarias a gran escala, dise\u00f1o de redes sociales, identidad corporativa.<\/p>\n","protected":false},"featured_media":983,"comment_status":"open","ping_status":"closed","template":"","meta":{"_et_pb_use_builder":"on","_et_pb_old_content":"","_et_gb_content_width":"","_monsterinsights_skip_tracking":false,"_monsterinsights_sitenote_active":false,"_monsterinsights_sitenote_note":"","_monsterinsights_sitenote_category":0},"product_cat":[28],"product_tag":[],"jetpack_sharing_enabled":true,"_links":{"self":[{"href":"https:\/\/sofimad.com\/index.php\/wp-json\/wp\/v2\/product\/410"}],"collection":[{"href":"https:\/\/sofimad.com\/index.php\/wp-json\/wp\/v2\/product"}],"about":[{"href":"https:\/\/sofimad.com\/index.php\/wp-json\/wp\/v2\/types\/product"}],"replies":[{"embeddable":true,"href":"https:\/\/sofimad.com\/index.php\/wp-json\/wp\/v2\/comments?post=410"}],"wp:featuredmedia":[{"embeddable":true,"href":"https:\/\/sofimad.com\/index.php\/wp-json\/wp\/v2\/media\/983"}],"wp:attachment":[{"href":"https:\/\/sofimad.com\/index.php\/wp-json\/wp\/v2\/media?parent=410"}],"wp:term":[{"taxonomy":"product_cat","embeddable":true,"href":"https:\/\/sofimad.com\/index.php\/wp-json\/wp\/v2\/product_cat?post=410"},{"taxonomy":"product_tag","embeddable":true,"href":"https:\/\/sofimad.com\/index.php\/wp-json\/wp\/v2\/product_tag?post=410"}],"curies":[{"name":"wp","href":"https:\/\/api.w.org\/{rel}","templated":true}]}}